{"id":32,"date":"2024-07-29T09:24:10","date_gmt":"2024-07-29T09:24:10","guid":{"rendered":"https:\/\/restaurantcanferrer.com\/?page_id=32"},"modified":"2025-12-01T11:00:14","modified_gmt":"2025-12-01T11:00:14","slug":"contacto","status":"publish","type":"page","link":"https:\/\/restaurantcanferrer.com\/ca\/contacto\/","title":{"rendered":"Contacte"},"content":{"rendered":"<h2 class=\"wp-block-heading has-x-large-font-size\"><strong>CONTACTE<\/strong><\/h2>\n\n\n\n<div style=\"height:50px\" aria-hidden=\"true\" class=\"wp-block-spacer\"><\/div>\n\n\n\n<iframe src=\"https:\/\/www.google.com\/maps\/embed?pb=!1m18!1m12!1m3!1d2976.2520568877885!2d1.8935219764543458!3d41.758223072910575!2m3!1f0!2f0!3f0!3m2!1i1024!2i768!4f13.1!3m3!1m2!1s0x12a4f9d062ab5add%3A0xe93f2cf74252e37f!2sRestaurant%20Can%20Ferrer!5e0!3m2!1sen!2ses!4v1722247346115!5m2!1sen!2ses\" width=\"100%\" height=\"200\" style=\"border:0;\" allowfullscreen=\"\" loading=\"lazy\" referrerpolicy=\"no-referrer-when-downgrade\"><\/iframe>\n\n\n\n<div class=\"wp-block-columns is-layout-flex wp-container-core-columns-is-layout-9d6595d7 wp-block-columns-is-layout-flex\">\n<div class=\"wp-block-column is-layout-flow wp-block-column-is-layout-flow\" style=\"flex-basis:33%\"><div class=\"wp-block-image\">\n<figure class=\"aligncenter size-full is-resized\"><img loading=\"lazy\" decoding=\"async\" width=\"1787\" height=\"2308\" src=\"https:\/\/restaurantcanferrer.com\/wp-content\/uploads\/2024\/07\/cf1-1.jpg\" alt=\"\" class=\"wp-image-229\" style=\"width:auto;height:400px\" srcset=\"https:\/\/restaurantcanferrer.com\/wp-content\/uploads\/2024\/07\/cf1-1.jpg 1787w, https:\/\/restaurantcanferrer.com\/wp-content\/uploads\/2024\/07\/cf1-1-232x300.jpg 232w, https:\/\/restaurantcanferrer.com\/wp-content\/uploads\/2024\/07\/cf1-1-793x1024.jpg 793w, https:\/\/restaurantcanferrer.com\/wp-content\/uploads\/2024\/07\/cf1-1-768x992.jpg 768w, https:\/\/restaurantcanferrer.com\/wp-content\/uploads\/2024\/07\/cf1-1-1189x1536.jpg 1189w, https:\/\/restaurantcanferrer.com\/wp-content\/uploads\/2024\/07\/cf1-1-1586x2048.jpg 1586w, https:\/\/restaurantcanferrer.com\/wp-content\/uploads\/2024\/07\/cf1-1-9x12.jpg 9w\" sizes=\"auto, (max-width: 706px) 89vw, (max-width: 767px) 82vw, 740px\" \/><\/figure>\n<\/div><\/div>\n\n\n\n<div class=\"wp-block-column is-layout-flow wp-block-column-is-layout-flow\" style=\"flex-basis:34%\"><div class=\"wp-block-image\">\n<figure class=\"aligncenter size-full is-resized\"><img loading=\"lazy\" decoding=\"async\" width=\"1280\" height=\"717\" src=\"https:\/\/restaurantcanferrer.com\/wp-content\/uploads\/2024\/07\/lamb-chops-8824495_1280.jpg\" alt=\"\" class=\"wp-image-16\" style=\"aspect-ratio:9\/16;object-fit:cover;width:auto;height:400px\" srcset=\"https:\/\/restaurantcanferrer.com\/wp-content\/uploads\/2024\/07\/lamb-chops-8824495_1280.jpg 1280w, https:\/\/restaurantcanferrer.com\/wp-content\/uploads\/2024\/07\/lamb-chops-8824495_1280-300x168.jpg 300w, https:\/\/restaurantcanferrer.com\/wp-content\/uploads\/2024\/07\/lamb-chops-8824495_1280-1024x574.jpg 1024w, https:\/\/restaurantcanferrer.com\/wp-content\/uploads\/2024\/07\/lamb-chops-8824495_1280-768x430.jpg 768w, https:\/\/restaurantcanferrer.com\/wp-content\/uploads\/2024\/07\/lamb-chops-8824495_1280-18x10.jpg 18w\" sizes=\"auto, (max-width: 706px) 89vw, (max-width: 767px) 82vw, 740px\" \/><\/figure>\n<\/div><\/div>\n\n\n\n<div class=\"wp-block-column is-layout-flow wp-block-column-is-layout-flow\" style=\"flex-basis:33%\"><div class=\"wp-block-image\">\n<figure class=\"aligncenter size-full is-resized\"><img loading=\"lazy\" decoding=\"async\" width=\"1640\" height=\"2560\" src=\"https:\/\/restaurantcanferrer.com\/wp-content\/uploads\/2024\/07\/cf2-scaled.jpg\" alt=\"\" class=\"wp-image-169\" style=\"width:auto;height:400px\" srcset=\"https:\/\/restaurantcanferrer.com\/wp-content\/uploads\/2024\/07\/cf2-scaled.jpg 1640w, https:\/\/restaurantcanferrer.com\/wp-content\/uploads\/2024\/07\/cf2-192x300.jpg 192w, https:\/\/restaurantcanferrer.com\/wp-content\/uploads\/2024\/07\/cf2-656x1024.jpg 656w, https:\/\/restaurantcanferrer.com\/wp-content\/uploads\/2024\/07\/cf2-768x1199.jpg 768w, https:\/\/restaurantcanferrer.com\/wp-content\/uploads\/2024\/07\/cf2-984x1536.jpg 984w, https:\/\/restaurantcanferrer.com\/wp-content\/uploads\/2024\/07\/cf2-1312x2048.jpg 1312w, https:\/\/restaurantcanferrer.com\/wp-content\/uploads\/2024\/07\/cf2-8x12.jpg 8w\" sizes=\"auto, (max-width: 706px) 89vw, (max-width: 767px) 82vw, 740px\" \/><\/figure>\n<\/div><\/div>\n<\/div>\n\n\n\n<p class=\"has-text-align-center has-medium-font-size\">Horari: de dilluns a diumenge de 8:00 a 17:00 (excepte dissabtes: de 8:00h a 17:00h i de 20:00h a 23:00h, <strong>dimecres i dijous tancat)<\/strong>)<\/p>\n\n\n\n<p class=\"has-text-align-center has-large-font-size\"><strong>Per reservar, si us plau truqueu al tel\u00e8fon de contacte (93 876 00 62)<\/strong><\/p>","protected":false},"excerpt":{"rendered":"<p>CONTACTO Horario: Lunes a domingo de 8:00 a 17:00 (Excepto s\u00e1bados: de 8:00 a 17:00 y de 20:00 a 23:00, mi\u00e9rcoles y jueves cerrado) Para reservar, por favor llame al tel\u00e9fono de contacto (93 876 00 62)<\/p>","protected":false},"author":1,"featured_media":14,"parent":0,"menu_order":0,"comment_status":"closed","ping_status":"closed","template":"","meta":{"footnotes":""},"class_list":["post-32","page","type-page","status-publish","has-post-thumbnail","hentry"],"yoast_head":"<!-- This site is optimized with the Yoast SEO plugin v27.4 - https:\/\/yoast.com\/product\/yoast-seo-wordpress\/ -->\n<title>Contacto - Can Ferrer<\/title>\n<meta name=\"robots\" content=\"index, follow, max-snippet:-1, max-image-preview:large, max-video-preview:-1\" \/>\n<link rel=\"canonical\" href=\"https:\/\/restaurantcanferrer.com\/ca\/contacto\/\" \/>\n<meta property=\"og:locale\" content=\"ca_ES\" \/>\n<meta property=\"og:type\" content=\"article\" \/>\n<meta property=\"og:title\" content=\"Contacto - Can Ferrer\" \/>\n<meta property=\"og:description\" content=\"CONTACTO Horario: Lunes a domingo de 8:00 a 17:00 (Excepto s\u00e1bados: de 8:00 a 17:00 y de 20:00 a 23:00, mi\u00e9rcoles y jueves cerrado) Para reservar, por favor llame al tel\u00e9fono de contacto (93 876 00 62)\" \/>\n<meta property=\"og:url\" content=\"https:\/\/restaurantcanferrer.com\/ca\/contacto\/\" \/>\n<meta property=\"og:site_name\" content=\"Can Ferrer\" \/>\n<meta property=\"article:publisher\" content=\"https:\/\/www.facebook.com\/people\/Restaurant-Can-Ferrer\/61562947666685\/\" \/>\n<meta property=\"article:modified_time\" content=\"2025-12-01T11:00:14+00:00\" \/>\n<meta property=\"og:image\" content=\"https:\/\/restaurantcanferrer.com\/wp-content\/uploads\/2024\/07\/barista-5055060_1280.jpg\" \/>\n\t<meta property=\"og:image:width\" content=\"1280\" \/>\n\t<meta property=\"og:image:height\" content=\"854\" \/>\n\t<meta property=\"og:image:type\" content=\"image\/jpeg\" \/>\n<meta name=\"twitter:card\" content=\"summary_large_image\" \/>\n<meta name=\"twitter:label1\" content=\"Temps estimat de lectura\" \/>\n\t<meta name=\"twitter:data1\" content=\"1 minut\" \/>\n<script type=\"application\/ld+json\" class=\"yoast-schema-graph\">{\"@context\":\"https:\\\/\\\/schema.org\",\"@graph\":[{\"@type\":\"WebPage\",\"@id\":\"https:\\\/\\\/restaurantcanferrer.com\\\/contacto\\\/\",\"url\":\"https:\\\/\\\/restaurantcanferrer.com\\\/contacto\\\/\",\"name\":\"Contacto - Can Ferrer\",\"isPartOf\":{\"@id\":\"https:\\\/\\\/restaurantcanferrer.com\\\/#website\"},\"primaryImageOfPage\":{\"@id\":\"https:\\\/\\\/restaurantcanferrer.com\\\/contacto\\\/#primaryimage\"},\"image\":{\"@id\":\"https:\\\/\\\/restaurantcanferrer.com\\\/contacto\\\/#primaryimage\"},\"thumbnailUrl\":\"https:\\\/\\\/restaurantcanferrer.com\\\/wp-content\\\/uploads\\\/2024\\\/07\\\/barista-5055060_1280.jpg\",\"datePublished\":\"2024-07-29T09:24:10+00:00\",\"dateModified\":\"2025-12-01T11:00:14+00:00\",\"breadcrumb\":{\"@id\":\"https:\\\/\\\/restaurantcanferrer.com\\\/contacto\\\/#breadcrumb\"},\"inLanguage\":\"ca\",\"potentialAction\":[{\"@type\":\"ReadAction\",\"target\":[\"https:\\\/\\\/restaurantcanferrer.com\\\/contacto\\\/\"]}]},{\"@type\":\"ImageObject\",\"inLanguage\":\"ca\",\"@id\":\"https:\\\/\\\/restaurantcanferrer.com\\\/contacto\\\/#primaryimage\",\"url\":\"https:\\\/\\\/restaurantcanferrer.com\\\/wp-content\\\/uploads\\\/2024\\\/07\\\/barista-5055060_1280.jpg\",\"contentUrl\":\"https:\\\/\\\/restaurantcanferrer.com\\\/wp-content\\\/uploads\\\/2024\\\/07\\\/barista-5055060_1280.jpg\",\"width\":1280,\"height\":854,\"caption\":\"Can Ferrer\"},{\"@type\":\"BreadcrumbList\",\"@id\":\"https:\\\/\\\/restaurantcanferrer.com\\\/contacto\\\/#breadcrumb\",\"itemListElement\":[{\"@type\":\"ListItem\",\"position\":1,\"name\":\"Portada\",\"item\":\"https:\\\/\\\/restaurantcanferrer.com\\\/\"},{\"@type\":\"ListItem\",\"position\":2,\"name\":\"Contacto\"}]},{\"@type\":\"WebSite\",\"@id\":\"https:\\\/\\\/restaurantcanferrer.com\\\/#website\",\"url\":\"https:\\\/\\\/restaurantcanferrer.com\\\/\",\"name\":\"Can Ferrer\",\"description\":\"Tu restaurante de confianza\",\"publisher\":{\"@id\":\"https:\\\/\\\/restaurantcanferrer.com\\\/#organization\"},\"potentialAction\":[{\"@type\":\"SearchAction\",\"target\":{\"@type\":\"EntryPoint\",\"urlTemplate\":\"https:\\\/\\\/restaurantcanferrer.com\\\/?s={search_term_string}\"},\"query-input\":{\"@type\":\"PropertyValueSpecification\",\"valueRequired\":true,\"valueName\":\"search_term_string\"}}],\"inLanguage\":\"ca\"},{\"@type\":\"Organization\",\"@id\":\"https:\\\/\\\/restaurantcanferrer.com\\\/#organization\",\"name\":\"Can Ferrer\",\"url\":\"https:\\\/\\\/restaurantcanferrer.com\\\/\",\"logo\":{\"@type\":\"ImageObject\",\"inLanguage\":\"ca\",\"@id\":\"https:\\\/\\\/restaurantcanferrer.com\\\/#\\\/schema\\\/logo\\\/image\\\/\",\"url\":\"http:\\\/\\\/restaurantcanferrer.com\\\/wp-content\\\/uploads\\\/2024\\\/07\\\/Logo-temporal.png\",\"contentUrl\":\"http:\\\/\\\/restaurantcanferrer.com\\\/wp-content\\\/uploads\\\/2024\\\/07\\\/Logo-temporal.png\",\"width\":362,\"height\":192,\"caption\":\"Can Ferrer\"},\"image\":{\"@id\":\"https:\\\/\\\/restaurantcanferrer.com\\\/#\\\/schema\\\/logo\\\/image\\\/\"},\"sameAs\":[\"https:\\\/\\\/www.facebook.com\\\/people\\\/Restaurant-Can-Ferrer\\\/61562947666685\\\/\",\"https:\\\/\\\/www.instagram.com\\\/restaurantcanferrer\\\/\"]}]}<\/script>\n<!-- \/ Yoast SEO plugin. -->","yoast_head_json":{"title":"Contacto - Can Ferrer","robots":{"index":"index","follow":"follow","max-snippet":"max-snippet:-1","max-image-preview":"max-image-preview:large","max-video-preview":"max-video-preview:-1"},"canonical":"https:\/\/restaurantcanferrer.com\/ca\/contacto\/","og_locale":"ca_ES","og_type":"article","og_title":"Contacto - Can Ferrer","og_description":"CONTACTO Horario: Lunes a domingo de 8:00 a 17:00 (Excepto s\u00e1bados: de 8:00 a 17:00 y de 20:00 a 23:00, mi\u00e9rcoles y jueves cerrado) Para reservar, por favor llame al tel\u00e9fono de contacto (93 876 00 62)","og_url":"https:\/\/restaurantcanferrer.com\/ca\/contacto\/","og_site_name":"Can Ferrer","article_publisher":"https:\/\/www.facebook.com\/people\/Restaurant-Can-Ferrer\/61562947666685\/","article_modified_time":"2025-12-01T11:00:14+00:00","og_image":[{"width":1280,"height":854,"url":"https:\/\/restaurantcanferrer.com\/wp-content\/uploads\/2024\/07\/barista-5055060_1280.jpg","type":"image\/jpeg"}],"twitter_card":"summary_large_image","twitter_misc":{"Temps estimat de lectura":"1 minut"},"schema":{"@context":"https:\/\/schema.org","@graph":[{"@type":"WebPage","@id":"https:\/\/restaurantcanferrer.com\/contacto\/","url":"https:\/\/restaurantcanferrer.com\/contacto\/","name":"Contacto - Can Ferrer","isPartOf":{"@id":"https:\/\/restaurantcanferrer.com\/#website"},"primaryImageOfPage":{"@id":"https:\/\/restaurantcanferrer.com\/contacto\/#primaryimage"},"image":{"@id":"https:\/\/restaurantcanferrer.com\/contacto\/#primaryimage"},"thumbnailUrl":"https:\/\/restaurantcanferrer.com\/wp-content\/uploads\/2024\/07\/barista-5055060_1280.jpg","datePublished":"2024-07-29T09:24:10+00:00","dateModified":"2025-12-01T11:00:14+00:00","breadcrumb":{"@id":"https:\/\/restaurantcanferrer.com\/contacto\/#breadcrumb"},"inLanguage":"ca","potentialAction":[{"@type":"ReadAction","target":["https:\/\/restaurantcanferrer.com\/contacto\/"]}]},{"@type":"ImageObject","inLanguage":"ca","@id":"https:\/\/restaurantcanferrer.com\/contacto\/#primaryimage","url":"https:\/\/restaurantcanferrer.com\/wp-content\/uploads\/2024\/07\/barista-5055060_1280.jpg","contentUrl":"https:\/\/restaurantcanferrer.com\/wp-content\/uploads\/2024\/07\/barista-5055060_1280.jpg","width":1280,"height":854,"caption":"Can Ferrer"},{"@type":"BreadcrumbList","@id":"https:\/\/restaurantcanferrer.com\/contacto\/#breadcrumb","itemListElement":[{"@type":"ListItem","position":1,"name":"Portada","item":"https:\/\/restaurantcanferrer.com\/"},{"@type":"ListItem","position":2,"name":"Contacto"}]},{"@type":"WebSite","@id":"https:\/\/restaurantcanferrer.com\/#website","url":"https:\/\/restaurantcanferrer.com\/","name":"Can Ferrer","description":"El teu restaurant de confian\u00e7a","publisher":{"@id":"https:\/\/restaurantcanferrer.com\/#organization"},"potentialAction":[{"@type":"SearchAction","target":{"@type":"EntryPoint","urlTemplate":"https:\/\/restaurantcanferrer.com\/?s={search_term_string}"},"query-input":{"@type":"PropertyValueSpecification","valueRequired":true,"valueName":"search_term_string"}}],"inLanguage":"ca"},{"@type":"Organization","@id":"https:\/\/restaurantcanferrer.com\/#organization","name":"Can Ferrer","url":"https:\/\/restaurantcanferrer.com\/","logo":{"@type":"ImageObject","inLanguage":"ca","@id":"https:\/\/restaurantcanferrer.com\/#\/schema\/logo\/image\/","url":"http:\/\/restaurantcanferrer.com\/wp-content\/uploads\/2024\/07\/Logo-temporal.png","contentUrl":"http:\/\/restaurantcanferrer.com\/wp-content\/uploads\/2024\/07\/Logo-temporal.png","width":362,"height":192,"caption":"Can Ferrer"},"image":{"@id":"https:\/\/restaurantcanferrer.com\/#\/schema\/logo\/image\/"},"sameAs":["https:\/\/www.facebook.com\/people\/Restaurant-Can-Ferrer\/61562947666685\/","https:\/\/www.instagram.com\/restaurantcanferrer\/"]}]}},"_links":{"self":[{"href":"https:\/\/restaurantcanferrer.com\/ca\/wp-json\/wp\/v2\/pages\/32","targetHints":{"allow":["GET"]}}],"collection":[{"href":"https:\/\/restaurantcanferrer.com\/ca\/wp-json\/wp\/v2\/pages"}],"about":[{"href":"https:\/\/restaurantcanferrer.com\/ca\/wp-json\/wp\/v2\/types\/page"}],"author":[{"embeddable":true,"href":"https:\/\/restaurantcanferrer.com\/ca\/wp-json\/wp\/v2\/users\/1"}],"replies":[{"embeddable":true,"href":"https:\/\/restaurantcanferrer.com\/ca\/wp-json\/wp\/v2\/comments?post=32"}],"version-history":[{"count":20,"href":"https:\/\/restaurantcanferrer.com\/ca\/wp-json\/wp\/v2\/pages\/32\/revisions"}],"predecessor-version":[{"id":405,"href":"https:\/\/restaurantcanferrer.com\/ca\/wp-json\/wp\/v2\/pages\/32\/revisions\/405"}],"wp:featuredmedia":[{"embeddable":true,"href":"https:\/\/restaurantcanferrer.com\/ca\/wp-json\/wp\/v2\/media\/14"}],"wp:attachment":[{"href":"https:\/\/restaurantcanferrer.com\/ca\/wp-json\/wp\/v2\/media?parent=32"}],"curies":[{"name":"wp","href":"https:\/\/api.w.org\/{rel}","templated":true}]}}